{"id":653,"date":"2023-08-03T14:32:34","date_gmt":"2023-08-03T12:32:34","guid":{"rendered":"https:\/\/exago.webd.pl\/mojakambodza_strona\/?page_id=653"},"modified":"2023-08-03T14:32:36","modified_gmt":"2023-08-03T12:32:36","slug":"regulamin","status":"publish","type":"page","link":"https:\/\/mojakambodza.pl\/?page_id=653","title":{"rendered":"Regulamin"},"content":{"rendered":"\n<ol>\n<li>W\u0142a\u015bcicielem strony internetowej, dzia\u0142aj\u0105cej pod adresem internetowym: www. mojakambodza.pl jest firma Piotr \u0141ysik (zwana dalej W\u0142a\u015bcicielem) z siedzib\u0105 w Warszawie 03-924, przy ul. Niek\u0142a\u0144ska 35\/1, NIP 1251312246, REGON 144879319.<\/li>\n<\/ol>\n\n\n\n<ol start=\"2\">\n<li>Niniejszy regulamin (zwany dalej \u201eRegulaminem\u201d) okre\u015bla zasady korzystania ze strony internetowej www. mojakambodza.pl zwanej dalej \u201eStron\u0105 internetow\u0105\u201d.<\/li>\n\n\n\n<li>Zapisy niniejszego regulaminu obowi\u0105zuj\u0105 ka\u017cd\u0105 osob\u0119 korzystaj\u0105c\u0105 ze Strony internetowej.<\/li>\n\n\n\n<li>Strona internetowa ma charakter informacyjny oraz edukacyjny<\/li>\n\n\n\n<li>Dane osobowe os\u00f3b korzystaj\u0105cych ze Strony internetowej s\u0105 gromadzone, wykorzystywane i chronione zgodnie z ustaw\u0105 z dnia 29 sierpnia 1997 roku o ochronie danych osobowych (Dz.U. Nr 133, poz. 833 z p\u00f3\u017an. zm.).<\/li>\n\n\n\n<li>Zakres gromadzenia, wykorzystywania oraz spos\u00f3b ochrony danych osobowych okre\u015bla Polityka Prywatno\u015bci.<\/li>\n<\/ol>\n","protected":false},"excerpt":{"rendered":"","protected":false},"author":1,"featured_media":0,"parent":0,"menu_order":0,"comment_status":"closed","ping_status":"closed","template":"","meta":{"site-sidebar-layout":"default","site-content-layout":"","ast-site-content-layout":"default","site-content-style":"default","site-sidebar-style":"default","ast-global-header-display":"","ast-banner-title-visibility":"","ast-main-header-display":"","ast-hfb-above-header-display":"","ast-hfb-below-header-display":"","ast-hfb-mobile-header-display":"","site-post-title":"","ast-breadcrumbs-content":"","ast-featured-img":"","footer-sml-layout":"","ast-disable-related-posts":"","theme-transparent-header-meta":"","adv-header-id-meta":"","stick-header-meta":"","header-above-stick-meta":"","header-main-stick-meta":"","header-below-stick-meta":"","astra-migrate-meta-layouts":"default","ast-page-background-enabled":"default","ast-page-background-meta":{"desktop":{"background-color":"","background-image":"","background-repeat":"repeat","background-position":"center center","background-size":"auto","background-attachment":"scroll","background-type":"","background-media":"","overlay-type":"","overlay-color":"","overlay-opacity":"","overlay-gradient":""},"tablet":{"background-color":"","background-image":"","background-repeat":"repeat","background-position":"center center","background-size":"auto","background-attachment":"scroll","background-type":"","background-media":"","overlay-type":"","overlay-color":"","overlay-opacity":"","overlay-gradient":""},"mobile":{"background-color":"","background-image":"","background-repeat":"repeat","background-position":"center center","background-size":"auto","background-attachment":"scroll","background-type":"","background-media":"","overlay-type":"","overlay-color":"","overlay-opacity":"","overlay-gradient":""}},"ast-content-background-meta":{"desktop":{"background-color":"var(--ast-global-color-5)","background-image":"","background-repeat":"repeat","background-position":"center center","background-size":"auto","background-attachment":"scroll","background-type":"","background-media":"","overlay-type":"","overlay-color":"","overlay-opacity":"","overlay-gradient":""},"tablet":{"background-color":"var(--ast-global-color-5)","background-image":"","background-repeat":"repeat","background-position":"center center","background-size":"auto","background-attachment":"scroll","background-type":"","background-media":"","overlay-type":"","overlay-color":"","overlay-opacity":"","overlay-gradient":""},"mobile":{"background-color":"var(--ast-global-color-5)","background-image":"","background-repeat":"repeat","background-position":"center center","background-size":"auto","background-attachment":"scroll","background-type":"","background-media":"","overlay-type":"","overlay-color":"","overlay-opacity":"","overlay-gradient":""}},"footnotes":""},"yoast_head":"<!-- This site is optimized with the Yoast SEO plugin v22.9 - https:\/\/yoast.com\/wordpress\/plugins\/seo\/ -->\n<title>Regulamin - Moja Kambod\u017ca<\/title>\n<meta name=\"robots\" content=\"index, follow, max-snippet:-1, max-image-preview:large, max-video-preview:-1\" \/>\n<link rel=\"canonical\" href=\"https:\/\/mojakambodza.pl\/?page_id=653\" \/>\n<meta property=\"og:locale\" content=\"pl_PL\" \/>\n<meta property=\"og:type\" content=\"article\" \/>\n<meta property=\"og:title\" content=\"Regulamin - Moja Kambod\u017ca\" \/>\n<meta property=\"og:url\" content=\"https:\/\/mojakambodza.pl\/?page_id=653\" \/>\n<meta property=\"og:site_name\" content=\"Moja Kambod\u017ca\" \/>\n<meta property=\"article:modified_time\" content=\"2023-08-03T12:32:36+00:00\" \/>\n<meta name=\"twitter:card\" content=\"summary_large_image\" \/>\n<meta name=\"twitter:label1\" content=\"Szacowany czas czytania\" \/>\n\t<meta name=\"twitter:data1\" content=\"1 minuta\" \/>\n<script type=\"application\/ld+json\" class=\"yoast-schema-graph\">{\"@context\":\"https:\/\/schema.org\",\"@graph\":[{\"@type\":\"WebPage\",\"@id\":\"https:\/\/mojakambodza.pl\/?page_id=653\",\"url\":\"https:\/\/mojakambodza.pl\/?page_id=653\",\"name\":\"Regulamin - Moja Kambod\u017ca\",\"isPartOf\":{\"@id\":\"https:\/\/mojakambodza.pl\/#website\"},\"datePublished\":\"2023-08-03T12:32:34+00:00\",\"dateModified\":\"2023-08-03T12:32:36+00:00\",\"breadcrumb\":{\"@id\":\"https:\/\/mojakambodza.pl\/?page_id=653#breadcrumb\"},\"inLanguage\":\"pl-PL\",\"potentialAction\":[{\"@type\":\"ReadAction\",\"target\":[\"https:\/\/mojakambodza.pl\/?page_id=653\"]}]},{\"@type\":\"BreadcrumbList\",\"@id\":\"https:\/\/mojakambodza.pl\/?page_id=653#breadcrumb\",\"itemListElement\":[{\"@type\":\"ListItem\",\"position\":1,\"name\":\"Strona g\u0142\u00f3wna\",\"item\":\"https:\/\/mojakambodza.pl\/\"},{\"@type\":\"ListItem\",\"position\":2,\"name\":\"Regulamin\"}]},{\"@type\":\"WebSite\",\"@id\":\"https:\/\/mojakambodza.pl\/#website\",\"url\":\"https:\/\/mojakambodza.pl\/\",\"name\":\"Moja Kambod\u017ca\",\"description\":\"Twoje miejsce na Ziemi\",\"publisher\":{\"@id\":\"https:\/\/mojakambodza.pl\/#organization\"},\"potentialAction\":[{\"@type\":\"SearchAction\",\"target\":{\"@type\":\"EntryPoint\",\"urlTemplate\":\"https:\/\/mojakambodza.pl\/?s={search_term_string}\"},\"query-input\":\"required name=search_term_string\"}],\"inLanguage\":\"pl-PL\"},{\"@type\":\"Organization\",\"@id\":\"https:\/\/mojakambodza.pl\/#organization\",\"name\":\"Moja Kambod\u017ca\",\"url\":\"https:\/\/mojakambodza.pl\/\",\"logo\":{\"@type\":\"ImageObject\",\"inLanguage\":\"pl-PL\",\"@id\":\"https:\/\/mojakambodza.pl\/#\/schema\/logo\/image\/\",\"url\":\"https:\/\/mojakambodza.pl\/wp-content\/uploads\/2023\/02\/logo220px.jpg\",\"contentUrl\":\"https:\/\/mojakambodza.pl\/wp-content\/uploads\/2023\/02\/logo220px.jpg\",\"width\":220,\"height\":139,\"caption\":\"Moja Kambod\u017ca\"},\"image\":{\"@id\":\"https:\/\/mojakambodza.pl\/#\/schema\/logo\/image\/\"}}]}<\/script>\n<!-- \/ Yoast SEO plugin. -->","yoast_head_json":{"title":"Regulamin - Moja Kambod\u017ca","robots":{"index":"index","follow":"follow","max-snippet":"max-snippet:-1","max-image-preview":"max-image-preview:large","max-video-preview":"max-video-preview:-1"},"canonical":"https:\/\/mojakambodza.pl\/?page_id=653","og_locale":"pl_PL","og_type":"article","og_title":"Regulamin - Moja Kambod\u017ca","og_url":"https:\/\/mojakambodza.pl\/?page_id=653","og_site_name":"Moja Kambod\u017ca","article_modified_time":"2023-08-03T12:32:36+00:00","twitter_card":"summary_large_image","twitter_misc":{"Szacowany czas czytania":"1 minuta"},"schema":{"@context":"https:\/\/schema.org","@graph":[{"@type":"WebPage","@id":"https:\/\/mojakambodza.pl\/?page_id=653","url":"https:\/\/mojakambodza.pl\/?page_id=653","name":"Regulamin - Moja Kambod\u017ca","isPartOf":{"@id":"https:\/\/mojakambodza.pl\/#website"},"datePublished":"2023-08-03T12:32:34+00:00","dateModified":"2023-08-03T12:32:36+00:00","breadcrumb":{"@id":"https:\/\/mojakambodza.pl\/?page_id=653#breadcrumb"},"inLanguage":"pl-PL","potentialAction":[{"@type":"ReadAction","target":["https:\/\/mojakambodza.pl\/?page_id=653"]}]},{"@type":"BreadcrumbList","@id":"https:\/\/mojakambodza.pl\/?page_id=653#breadcrumb","itemListElement":[{"@type":"ListItem","position":1,"name":"Strona g\u0142\u00f3wna","item":"https:\/\/mojakambodza.pl\/"},{"@type":"ListItem","position":2,"name":"Regulamin"}]},{"@type":"WebSite","@id":"https:\/\/mojakambodza.pl\/#website","url":"https:\/\/mojakambodza.pl\/","name":"Moja Kambod\u017ca","description":"Twoje miejsce na Ziemi","publisher":{"@id":"https:\/\/mojakambodza.pl\/#organization"},"potentialAction":[{"@type":"SearchAction","target":{"@type":"EntryPoint","urlTemplate":"https:\/\/mojakambodza.pl\/?s={search_term_string}"},"query-input":"required name=search_term_string"}],"inLanguage":"pl-PL"},{"@type":"Organization","@id":"https:\/\/mojakambodza.pl\/#organization","name":"Moja Kambod\u017ca","url":"https:\/\/mojakambodza.pl\/","logo":{"@type":"ImageObject","inLanguage":"pl-PL","@id":"https:\/\/mojakambodza.pl\/#\/schema\/logo\/image\/","url":"https:\/\/mojakambodza.pl\/wp-content\/uploads\/2023\/02\/logo220px.jpg","contentUrl":"https:\/\/mojakambodza.pl\/wp-content\/uploads\/2023\/02\/logo220px.jpg","width":220,"height":139,"caption":"Moja Kambod\u017ca"},"image":{"@id":"https:\/\/mojakambodza.pl\/#\/schema\/logo\/image\/"}}]}},"_links":{"self":[{"href":"https:\/\/mojakambodza.pl\/index.php?rest_route=\/wp\/v2\/pages\/653"}],"collection":[{"href":"https:\/\/mojakambodza.pl\/index.php?rest_route=\/wp\/v2\/pages"}],"about":[{"href":"https:\/\/mojakambodza.pl\/index.php?rest_route=\/wp\/v2\/types\/page"}],"author":[{"embeddable":true,"href":"https:\/\/mojakambodza.pl\/index.php?rest_route=\/wp\/v2\/users\/1"}],"replies":[{"embeddable":true,"href":"https:\/\/mojakambodza.pl\/index.php?rest_route=%2Fwp%2Fv2%2Fcomments&post=653"}],"version-history":[{"count":1,"href":"https:\/\/mojakambodza.pl\/index.php?rest_route=\/wp\/v2\/pages\/653\/revisions"}],"predecessor-version":[{"id":657,"href":"https:\/\/mojakambodza.pl\/index.php?rest_route=\/wp\/v2\/pages\/653\/revisions\/657"}],"wp:attachment":[{"href":"https:\/\/mojakambodza.pl\/index.php?rest_route=%2Fwp%2Fv2%2Fmedia&parent=653"}],"curies":[{"name":"wp","href":"https:\/\/api.w.org\/{rel}","templated":true}]}}